{"id":1260,"date":"2018-02-26T23:51:28","date_gmt":"2018-02-26T23:51:28","guid":{"rendered":"https:\/\/www.magiachocoana.com\/reserva\/"},"modified":"2018-09-25T20:00:26","modified_gmt":"2018-09-26T01:00:26","slug":"reservations","status":"publish","type":"page","link":"https:\/\/www.magiachocoana.com\/en\/reservations\/","title":{"rendered":"Reservations"},"content":{"rendered":"<p>[et_pb_section bb_built=&#8221;1&#8243; fullwidth=&#8221;on&#8221; specialty=&#8221;off&#8221; _builder_version=&#8221;3.0.92&#8243; disabled=&#8221;off&#8221; disabled_on=&#8221;on||&#8221;][et_pb_fullwidth_image _builder_version=&#8221;3.0.92&#8243; src=&#8221;https:\/\/www.magiachocoana.com\/wp-content\/uploads\/2018\/04\/reservas-1.jpg&#8221; show_in_lightbox=&#8221;off&#8221; url_new_window=&#8221;off&#8221; use_overlay=&#8221;off&#8221; alt=&#8221;hotel en Bah\u00eda Solano&#8221; \/][\/et_pb_section][et_pb_section bb_built=&#8221;1&#8243; fullwidth=&#8221;on&#8221; specialty=&#8221;off&#8221; _builder_version=&#8221;3.0.92&#8243; disabled=&#8221;off&#8221; disabled_on=&#8221;|on|on&#8221;][et_pb_fullwidth_image _builder_version=&#8221;3.0.92&#8243; src=&#8221;https:\/\/www.magiachocoana.com\/wp-content\/uploads\/2018\/03\/titulo-reservas-cel.jpg&#8221; show_in_lightbox=&#8221;off&#8221; url_new_window=&#8221;off&#8221; use_overlay=&#8221;off&#8221; alt=&#8221;hotel en Bah\u00eda Solano&#8221; \/][\/et_pb_section][et_pb_section bb_built=&#8221;1&#8243;][et_pb_row][et_pb_column type=&#8221;2_3&#8243;][et_pb_text _builder_version=&#8221;3.0.92&#8243; background_layout=&#8221;light&#8221; text_text_color=&#8221;#00b5ab&#8221; header_text_color=&#8221;#00b5ab&#8221; header_font_size=&#8221;20px&#8221; header_font_size_last_edited=&#8221;on|&#8221; text_font_size=&#8221;30px&#8221; text_font_size_phone=&#8221;16px&#8221; text_font_size_last_edited=&#8221;on|phone&#8221; text_line_height=&#8221;1.2em&#8221;]<\/p>\n<h2><span style=\"color: #00b5ab;\"><strong><span id=\"result_box\" class=\"\" lang=\"en\"><span class=\"\">Leave us your information to make the hotel reservation in Bah\u00eda Solano or Nuqu\u00ed and soon we will contact you:<\/span><\/span><\/strong><\/span><\/h2>\n<p>[\/et_pb_text][\/et_pb_column][et_pb_column type=&#8221;1_3&#8243;][\/et_pb_column][\/et_pb_row][et_pb_row _builder_version=&#8221;3.0.92&#8243; border_color_all=&#8221;#00b5ab&#8221; padding_top_2=&#8221;5px&#8221; padding_right_2=&#8221;5px&#8221; padding_bottom_2=&#8221;5px&#8221; padding_left_2=&#8221;5px&#8221;][et_pb_column type=&#8221;1_2&#8243;][et_pb_code _builder_version=&#8221;3.0.92&#8243;]\n<div class=\"wpcf7 no-js\" id=\"wpcf7-f1263-o1\" lang=\"es-ES\" dir=\"ltr\">\n<div class=\"screen-reader-response\"><p role=\"status\" aria-live=\"polite\" aria-atomic=\"true\"><\/p> <ul><\/ul><\/div>\n<form action=\"\/en\/wp-json\/wp\/v2\/pages\/1260\/#wpcf7-f1263-o1\" method=\"post\" class=\"wpcf7-form init\" aria-label=\"Formulario de contacto\" novalidate=\"novalidate\" data-status=\"init\">\n<div style=\"display: none;\">\n<input type=\"hidden\" name=\"_wpcf7\" value=\"1263\" \/>\n<input type=\"hidden\" name=\"_wpcf7_version\" value=\"5.8.7\" \/>\n<input type=\"hidden\" name=\"_wpcf7_locale\" value=\"es_ES\" \/>\n<input type=\"hidden\" name=\"_wpcf7_unit_tag\" value=\"wpcf7-f1263-o1\" \/>\n<input type=\"hidden\" name=\"_wpcf7_container_post\" value=\"0\" \/>\n<input type=\"hidden\" name=\"_wpcf7_posted_data_hash\" value=\"\" \/>\n<input type=\"hidden\" name=\"_wpcf7_recaptcha_response\" value=\"\" \/>\n<\/div>\n<div id=\"responsive-form\" class=\"clearfix\">\n\t<div class=\"form-row\">\n\t\t<div class=\"column-half\">\n\t\t\t<p>Name <span class=\"wpcf7-form-control-wrap\" data-name=\"your-name\"><input size=\"40\" class=\"wpcf7-form-control wpcf7-text wpcf7-validates-as-required\" aria-required=\"true\" aria-invalid=\"false\" value=\"\" type=\"text\" name=\"your-name\" \/><\/span>\n\t\t\t<\/p>\n\t\t<\/div>\n\t\t<div class=\"column-half\">\n\t\t\t<p>Identification number <span class=\"wpcf7-form-control-wrap\" data-name=\"cedula\"><input size=\"40\" class=\"wpcf7-form-control wpcf7-text wpcf7-validates-as-required\" aria-required=\"true\" aria-invalid=\"false\" value=\"\" type=\"text\" name=\"cedula\" \/><\/span>\n\t\t\t<\/p>\n\t\t<\/div>\n\t<\/div>\n\t<div class=\"form-row\">\n\t\t<div class=\"column-half\">\n\t\t\t<p>Email <span class=\"wpcf7-form-control-wrap\" data-name=\"your-email\"><input size=\"40\" class=\"wpcf7-form-control wpcf7-email wpcf7-validates-as-required wpcf7-text wpcf7-validates-as-email\" aria-required=\"true\" aria-invalid=\"false\" value=\"\" type=\"email\" name=\"your-email\" \/><\/span>\n\t\t\t<\/p>\n\t\t<\/div>\n\t\t<div class=\"column-half\">\n\t\t\t<p>Mobile phone <span class=\"wpcf7-form-control-wrap\" data-name=\"your-phone\"><input size=\"40\" class=\"wpcf7-form-control wpcf7-text wpcf7-validates-as-required\" aria-required=\"true\" aria-invalid=\"false\" value=\"\" type=\"text\" name=\"your-phone\" \/><\/span>\n\t\t\t<\/p>\n\t\t<\/div>\n\t<\/div>\n\t<div class=\"form-row\">\n\t\t<div class=\"column-half\">\n\t\t\t<p>City <span class=\"wpcf7-form-control-wrap\" data-name=\"ciudad\"><input size=\"40\" class=\"wpcf7-form-control wpcf7-text wpcf7-validates-as-required\" aria-required=\"true\" aria-invalid=\"false\" value=\"\" type=\"text\" name=\"ciudad\" \/><\/span>\n\t\t\t<\/p>\n\t\t<\/div>\n\t\t<div class=\"column-half\">\n\t\t\t<p>Date <span class=\"wpcf7-form-control-wrap\" data-name=\"fecha\"><input class=\"wpcf7-form-control wpcf7-date wpcf7-validates-as-date\" aria-invalid=\"false\" value=\"\" type=\"date\" name=\"fecha\" \/><\/span>\n\t\t\t<\/p>\n\t\t<\/div>\n\t<\/div>\n\t<div class=\"form-row\">\n\t\t<div class=\"column-half\">\n\t\t\t<p>Adults <span class=\"wpcf7-form-control-wrap\" data-name=\"adultos\"><select class=\"wpcf7-form-control wpcf7-select no\" id=\"adultos\" aria-invalid=\"false\" name=\"adultos\"><option value=\"1\">1<\/option><option value=\"2\">2<\/option><option value=\"3\">3<\/option><option value=\"4\">4<\/option><option value=\"5\">5<\/option><option value=\"6\">6<\/option><option value=\"7\">7<\/option><\/select><\/span>\n\t\t\t<\/p>\n\t\t<\/div>\n\t\t<div class=\"column-half\">\n\t\t\t<p>Childrens <span class=\"wpcf7-form-control-wrap\" data-name=\"ninos\"><select class=\"wpcf7-form-control wpcf7-select no\" id=\"ninos\" aria-invalid=\"false\" name=\"ninos\"><option value=\"0\">0<\/option><option value=\"1\">1<\/option><option value=\"2\">2<\/option><option value=\"3\">3<\/option><option value=\"4\">4<\/option><option value=\"5\">5<\/option><option value=\"6\">6<\/option><option value=\"7\">7<\/option><\/select><\/span>\n\t\t\t<\/p>\n\t\t<\/div>\n\t<\/div>\n\t<div class=\"form-row\">\n\t\t<div class=\"column-full\">\n\t\t\t<p>Tour Package <span class=\"wpcf7-form-control-wrap\" data-name=\"plan\"><select class=\"wpcf7-form-control wpcf7-select\" aria-invalid=\"false\" name=\"plan\"><option value=\"\">&#8212;Por favor, elige una opci\u00f3n&#8212;<\/option><option value=\"Whale Watching Tour Package\">Whale Watching Tour Package<\/option><option value=\"Tour Package for Friends\">Tour Package for Friends<\/option><option value=\"Walkers Tour Package\">Walkers Tour Package<\/option><option value=\"Love and Frienship Tour Package\">Love and Frienship Tour Package<\/option><option value=\"Family Tour Package\">Family Tour Package<\/option><option value=\"Pacific Weekend Tour Package\">Pacific Weekend Tour Package<\/option><\/select><\/span>\n\t\t\t<\/p>\n\t\t<\/div>\n\t<\/div>\n\t<div class=\"form-row\">\n\t\t<div class=\"column-full\">\n\t\t\t<p>Observations or Questions <span class=\"wpcf7-form-control-wrap\" data-name=\"your-message\"><textarea cols=\"40\" rows=\"10\" class=\"wpcf7-form-control wpcf7-textarea\" aria-invalid=\"false\" name=\"your-message\"><\/textarea><\/span>\n\t\t\t<\/p>\n\t\t<\/div>\n\t<\/div>\n\t<div class=\"form-row\">\n\t\t<div class=\"column-half\">\n\t\t\t<p><input class=\"wpcf7-form-control wpcf7-submit has-spinner\" type=\"submit\" value=\"Submit\" \/>\n\t\t\t<\/p>\n\t\t<\/div>\n\t\t<div class=\"column-half\">\n\t\t\n\t\t<\/div>\n\t<\/div>\n<\/div><!--end responsive-form--><p style=\"display: none !important;\" class=\"akismet-fields-container\" data-prefix=\"_wpcf7_ak_\"><label>&#916;<textarea name=\"_wpcf7_ak_hp_textarea\" cols=\"45\" rows=\"8\" maxlength=\"100\"><\/textarea><\/label><input type=\"hidden\" id=\"ak_js_1\" name=\"_wpcf7_ak_js\" value=\"193\"\/><script>document.getElementById( \"ak_js_1\" ).setAttribute( \"value\", ( new Date() ).getTime() );<\/script><\/p><div class=\"wpcf7-response-output\" aria-hidden=\"true\"><\/div>\n<\/form>\n<\/div>\n[\/et_pb_code][\/et_pb_column][et_pb_column type=&#8221;1_2&#8243;][et_pb_text _builder_version=&#8221;3.0.92&#8243; background_layout=&#8221;light&#8221; text_font=&#8221;Oswald||||||||&#8221; text_font_size=&#8221;25px&#8221; text_text_color=&#8221;#00b5ab&#8221; text_font_size_phone=&#8221;20px&#8221; text_font_size_last_edited=&#8221;on|phone&#8221; text_line_height=&#8221;1.5em&#8221; text_line_height_phone=&#8221;1.3em&#8221; text_line_height_last_edited=&#8221;on|phone&#8221;]<\/p>\n<p><span id=\"result_box\" class=\"\" lang=\"en\"><span class=\"\">If you have any questions and want to ask something before booking, call us or leave us a message at any time by WhatsApp, we will try to answer you as soon as possible during working hours<\/span><\/span> 8:00 am &#8211; 6:00 pm.\u00a0 <img decoding=\"async\" class=\"emoji\" draggable=\"false\" src=\"https:\/\/s.w.org\/images\/core\/emoji\/11\/svg\/1f447.svg\" alt=\"\ud83d\udc47\" \/><\/p>\n<p>[\/et_pb_text][et_pb_cta admin_label=&#8221;whatsapp&#8221; _builder_version=&#8221;3.0.92&#8243; button_url=&#8221;https:\/\/api.whatsapp.com\/send?phone=573128975143&#8243; url_new_window=&#8221;off&#8221; use_background_color=&#8221;off&#8221; background_layout=&#8221;dark&#8221; custom_button=&#8221;off&#8221; button_icon_placement=&#8221;right&#8221; body_font_size=&#8221;18&#8243; body_text_color=&#8221;#ffffff&#8221; body_font_size_phone=&#8221;15&#8243; body_font_size_last_edited=&#8221;on|phone&#8221;]<\/p>\n<p><a class=\"whatsapp\" style=\"background: #00B5AB; border: 1px solid #4CC85B; display: block; padding: 15px; text-align: left; border-radius: 40px;\" href=\"https:\/\/api.whatsapp.com\/send?phone=573128975143\"><img loading=\"lazy\" decoding=\"async\" class=\"alignnone size-full wp-image-842\" style=\"float: left; margin-left: 5px;\" src=\"https:\/\/www.magiachocoana.com\/wp-content\/uploads\/2018\/08\/logo-whatsapp-contacto.png\" alt=\"\" width=\"50\" height=\"50\" \/><br \/>\n<span style=\"font-size: inherit; position: absolute; padding-left: 10px; top: 10px; color: #ffffff;\">Click here for<br \/>\nWhatsapp message &#8211; (+57) 3128975143<\/span><br \/>\n<\/a><\/p>\n<p>[\/et_pb_cta][\/et_pb_column][\/et_pb_row][\/et_pb_section]<\/p>\n","protected":false},"excerpt":{"rendered":"<p><div class=\"et_pb_row et_pb_row_0 et_pb_row_empty\">\n\t\t\t\t\n\t\t\t\t\n\t\t\t\t\n\t\t\t\t\n\t\t\t\t\n\t\t\t<\/div> Leave us your information to make the hotel reservation in Bah\u00eda Solano or Nuqu\u00ed and soon we will contact you: \n<div class=\"wpcf7 no-js\" id=\"wpcf7-f1263-o2\" lang=\"es-ES\" dir=\"ltr\">\n<div class=\"screen-reader-response\"><p role=\"status\" aria-live=\"polite\" aria-atomic=\"true\"><\/p> <ul><\/ul><\/div>\n<form action=\"\/en\/wp-json\/wp\/v2\/pages\/1260\/#wpcf7-f1263-o2\" method=\"post\" class=\"wpcf7-form init\" aria-label=\"Formulario de contacto\" novalidate=\"novalidate\" data-status=\"init\">\n<div style=\"display: none;\">\n<input type=\"hidden\" name=\"_wpcf7\" value=\"1263\" \/>\n<input type=\"hidden\" name=\"_wpcf7_version\" value=\"5.8.7\" \/>\n<input type=\"hidden\" name=\"_wpcf7_locale\" value=\"es_ES\" \/>\n<input type=\"hidden\" name=\"_wpcf7_unit_tag\" value=\"wpcf7-f1263-o2\" \/>\n<input type=\"hidden\" name=\"_wpcf7_container_post\" value=\"0\" \/>\n<input type=\"hidden\" name=\"_wpcf7_posted_data_hash\" value=\"\" \/>\n<input type=\"hidden\" name=\"_wpcf7_recaptcha_response\" value=\"\" \/>\n<\/div>\n<div id=\"responsive-form\" class=\"clearfix\">\n\t<div class=\"form-row\">\n\t\t<div class=\"column-half\">\n\t\t\t<p>Name <span class=\"wpcf7-form-control-wrap\" data-name=\"your-name\"><input size=\"40\" class=\"wpcf7-form-control wpcf7-text wpcf7-validates-as-required\" aria-required=\"true\" aria-invalid=\"false\" value=\"\" type=\"text\" name=\"your-name\" \/><\/span>\n\t\t\t<\/p>\n\t\t<\/div>\n\t\t<div class=\"column-half\">\n\t\t\t<p>Identification number <span class=\"wpcf7-form-control-wrap\" data-name=\"cedula\"><input size=\"40\" class=\"wpcf7-form-control wpcf7-text wpcf7-validates-as-required\" aria-required=\"true\" aria-invalid=\"false\" value=\"\" type=\"text\" name=\"cedula\" \/><\/span>\n\t\t\t<\/p>\n\t\t<\/div>\n\t<\/div>\n\t<div class=\"form-row\">\n\t\t<div class=\"column-half\">\n\t\t\t<p>Email <span class=\"wpcf7-form-control-wrap\" data-name=\"your-email\"><input size=\"40\" class=\"wpcf7-form-control wpcf7-email wpcf7-validates-as-required wpcf7-text wpcf7-validates-as-email\" aria-required=\"true\" aria-invalid=\"false\" value=\"\" type=\"email\" name=\"your-email\" \/><\/span>\n\t\t\t<\/p>\n\t\t<\/div>\n\t\t<div class=\"column-half\">\n\t\t\t<p>Mobile phone <span class=\"wpcf7-form-control-wrap\" data-name=\"your-phone\"><input size=\"40\" class=\"wpcf7-form-control wpcf7-text wpcf7-validates-as-required\" aria-required=\"true\" aria-invalid=\"false\" value=\"\" type=\"text\" name=\"your-phone\" \/><\/span>\n\t\t\t<\/p>\n\t\t<\/div>\n\t<\/div>\n\t<div class=\"form-row\">\n\t\t<div class=\"column-half\">\n\t\t\t<p>City <span class=\"wpcf7-form-control-wrap\" data-name=\"ciudad\"><input size=\"40\" class=\"wpcf7-form-control wpcf7-text wpcf7-validates-as-required\" aria-required=\"true\" aria-invalid=\"false\" value=\"\" type=\"text\" name=\"ciudad\" \/><\/span>\n\t\t\t<\/p>\n\t\t<\/div>\n\t\t<div class=\"column-half\">\n\t\t\t<p>Date <span class=\"wpcf7-form-control-wrap\" data-name=\"fecha\"><input class=\"wpcf7-form-control wpcf7-date wpcf7-validates-as-date\" aria-invalid=\"false\" value=\"\" type=\"date\" name=\"fecha\" \/><\/span>\n\t\t\t<\/p>\n\t\t<\/div>\n\t<\/div>\n\t<div class=\"form-row\">\n\t\t<div class=\"column-half\">\n\t\t\t<p>Adults <span class=\"wpcf7-form-control-wrap\" data-name=\"adultos\"><select class=\"wpcf7-form-control wpcf7-select no\" aria-invalid=\"false\" name=\"adultos\"><option value=\"1\">1<\/option><option value=\"2\">2<\/option><option value=\"3\">3<\/option><option value=\"4\">4<\/option><option value=\"5\">5<\/option><option value=\"6\">6<\/option><option value=\"7\">7<\/option><\/select><\/span>\n\t\t\t<\/p>\n\t\t<\/div>\n\t\t<div class=\"column-half\">\n\t\t\t<p>Childrens <span class=\"wpcf7-form-control-wrap\" data-name=\"ninos\"><select class=\"wpcf7-form-control wpcf7-select no\" aria-invalid=\"false\" name=\"ninos\"><option value=\"0\">0<\/option><option value=\"1\">1<\/option><option value=\"2\">2<\/option><option value=\"3\">3<\/option><option value=\"4\">4<\/option><option value=\"5\">5<\/option><option value=\"6\">6<\/option><option value=\"7\">7<\/option><\/select><\/span>\n\t\t\t<\/p>\n\t\t<\/div>\n\t<\/div>\n\t<div class=\"form-row\">\n\t\t<div class=\"column-full\">\n\t\t\t<p>Tour Package <span class=\"wpcf7-form-control-wrap\" data-name=\"plan\"><select class=\"wpcf7-form-control wpcf7-select\" aria-invalid=\"false\" name=\"plan\"><option value=\"\">&#8212;Por favor, elige una opci\u00f3n&#8212;<\/option><option value=\"Whale Watching Tour Package\">Whale Watching Tour Package<\/option><option value=\"Tour Package for Friends\">Tour Package for Friends<\/option><option value=\"Walkers Tour Package\">Walkers Tour Package<\/option><option value=\"Love and Frienship Tour Package\">Love and Frienship Tour Package<\/option><option value=\"Family Tour Package\">Family Tour Package<\/option><option value=\"Pacific Weekend Tour Package\">Pacific Weekend Tour Package<\/option><\/select><\/span>\n\t\t\t<\/p>\n\t\t<\/div>\n\t<\/div>\n\t<div class=\"form-row\">\n\t\t<div class=\"column-full\">\n\t\t\t<p>Observations or Questions <span class=\"wpcf7-form-control-wrap\" data-name=\"your-message\"><textarea cols=\"40\" rows=\"10\" class=\"wpcf7-form-control wpcf7-textarea\" aria-invalid=\"false\" name=\"your-message\"><\/textarea><\/span>\n\t\t\t<\/p>\n\t\t<\/div>\n\t<\/div>\n\t<div class=\"form-row\">\n\t\t<div class=\"column-half\">\n\t\t\t<p><input class=\"wpcf7-form-control wpcf7-submit has-spinner\" type=\"submit\" value=\"Submit\" \/>\n\t\t\t<\/p>\n\t\t<\/div>\n\t\t<div class=\"column-half\">\n\t\t\n\t\t<\/div>\n\t<\/div>\n<\/div><!--end responsive-form--><p style=\"display: none !important;\" class=\"akismet-fields-container\" data-prefix=\"_wpcf7_ak_\"><label>&#916;<textarea name=\"_wpcf7_ak_hp_textarea\" cols=\"45\" rows=\"8\" maxlength=\"100\"><\/textarea><\/label><input type=\"hidden\" id=\"ak_js_2\" name=\"_wpcf7_ak_js\" value=\"176\"\/><script>document.getElementById( \"ak_js_2\" ).setAttribute( \"value\", ( new Date() ).getTime() );<\/script><\/p><div class=\"wpcf7-response-output\" aria-hidden=\"true\"><\/div>\n<\/form>\n<\/div>\n If you have any questions and want to ask something before booking, call us or leave us a message at any time by WhatsApp, we will try [&hellip;]<\/p>\n","protected":false},"author":1,"featured_media":0,"parent":0,"menu_order":0,"comment_status":"closed","ping_status":"closed","template":"","meta":{"_et_pb_use_builder":"on","_et_pb_old_content":"","_et_gb_content_width":"","footnotes":"","_joinchat":[]},"yoast_head":"<!-- This site is optimized with the Yoast SEO plugin v22.1 - https:\/\/yoast.com\/wordpress\/plugins\/seo\/ -->\n<title>Make your reservation now at the hotel in Bah\u00eda Solano or Nuqu\u00ed!<\/title>\n<meta name=\"description\" content=\"Find here the best hotel in Bahia Solano or Nuqu\u00ed to stay, close to the beach or living the experience of sharing in the village with the locals and their Chocoan traditions.\" \/>\n<meta name=\"robots\" content=\"index, follow, max-snippet:-1, max-image-preview:large, max-video-preview:-1\" \/>\n<link rel=\"canonical\" href=\"https:\/\/www.magiachocoana.com\/en\/reserva\/\" \/>\n<meta property=\"og:locale\" content=\"en_US\" \/>\n<meta property=\"og:type\" content=\"article\" \/>\n<meta property=\"og:title\" content=\"Make your reservation now at the hotel in Bah\u00eda Solano or Nuqu\u00ed!\" \/>\n<meta property=\"og:description\" content=\"Find here the best hotel in Bahia Solano or Nuqu\u00ed to stay, close to the beach or living the experience of sharing in the village with the locals and their Chocoan traditions.\" \/>\n<meta property=\"og:url\" content=\"https:\/\/www.magiachocoana.com\/reserva\/\" \/>\n<meta property=\"og:site_name\" content=\"Magia Chocoana Tour Operadores\" \/>\n<meta property=\"article:publisher\" content=\"https:\/\/www.facebook.com\/TurismoMagiaChochoana\/\" \/>\n<meta property=\"article:modified_time\" content=\"2018-09-26T01:00:26+00:00\" \/>\n<meta property=\"og:image\" content=\"https:\/\/s.w.org\/images\/core\/emoji\/11\/svg\/1f447.svg\" \/>\n<meta name=\"twitter:card\" content=\"summary_large_image\" \/>\n<meta name=\"twitter:label1\" content=\"Est. reading time\" \/>\n\t<meta name=\"twitter:data1\" content=\"2 minutes\" \/>\n<script type=\"application\/ld+json\" class=\"yoast-schema-graph\">{\"@context\":\"https:\/\/schema.org\",\"@graph\":[{\"@type\":\"WebPage\",\"@id\":\"https:\/\/www.magiachocoana.com\/reserva\/\",\"url\":\"https:\/\/www.magiachocoana.com\/reserva\/\",\"name\":\"Make your reservation now at the hotel in Bah\u00eda Solano or Nuqu\u00ed!\",\"isPartOf\":{\"@id\":\"https:\/\/www.magiachocoana.com\/#website\"},\"datePublished\":\"2018-02-26T23:51:28+00:00\",\"dateModified\":\"2018-09-26T01:00:26+00:00\",\"description\":\"Find here the best hotel in Bahia Solano or Nuqu\u00ed to stay, close to the beach or living the experience of sharing in the village with the locals and their Chocoan traditions.\",\"breadcrumb\":{\"@id\":\"https:\/\/www.magiachocoana.com\/reserva\/#breadcrumb\"},\"inLanguage\":\"en-US\",\"potentialAction\":[{\"@type\":\"ReadAction\",\"target\":[\"https:\/\/www.magiachocoana.com\/reserva\/\"]}]},{\"@type\":\"BreadcrumbList\",\"@id\":\"https:\/\/www.magiachocoana.com\/reserva\/#breadcrumb\",\"itemListElement\":[{\"@type\":\"ListItem\",\"position\":1,\"name\":\"Portada\",\"item\":\"https:\/\/www.magiachocoana.com\/en\/\"},{\"@type\":\"ListItem\",\"position\":2,\"name\":\"Reservations\"}]},{\"@type\":\"WebSite\",\"@id\":\"https:\/\/www.magiachocoana.com\/#website\",\"url\":\"https:\/\/www.magiachocoana.com\/\",\"name\":\"Magia Chocoana Tour Operadores\",\"description\":\"Agencia de operaci\u00f3n tur\u00edstica\",\"publisher\":{\"@id\":\"https:\/\/www.magiachocoana.com\/#organization\"},\"potentialAction\":[{\"@type\":\"SearchAction\",\"target\":{\"@type\":\"EntryPoint\",\"urlTemplate\":\"https:\/\/www.magiachocoana.com\/?s={search_term_string}\"},\"query-input\":\"required name=search_term_string\"}],\"inLanguage\":\"en-US\"},{\"@type\":\"Organization\",\"@id\":\"https:\/\/www.magiachocoana.com\/#organization\",\"name\":\"Magia Chocoana\",\"url\":\"https:\/\/www.magiachocoana.com\/\",\"logo\":{\"@type\":\"ImageObject\",\"inLanguage\":\"en-US\",\"@id\":\"https:\/\/www.magiachocoana.com\/#\/schema\/logo\/image\/\",\"url\":\"https:\/\/www.magiachocoana.com\/wp-content\/uploads\/2018\/02\/logo-magia-chocoana-554.png\",\"contentUrl\":\"https:\/\/www.magiachocoana.com\/wp-content\/uploads\/2018\/02\/logo-magia-chocoana-554.png\",\"width\":555,\"height\":329,\"caption\":\"Magia Chocoana\"},\"image\":{\"@id\":\"https:\/\/www.magiachocoana.com\/#\/schema\/logo\/image\/\"},\"sameAs\":[\"https:\/\/www.facebook.com\/TurismoMagiaChochoana\/\",\"https:\/\/www.instagram.com\/magiachocoana\/\",\"https:\/\/www.youtube.com\/channel\/UCGiJyJZbAHV92-Dn2vgp42Q\"]}]}<\/script>\n<!-- \/ Yoast SEO plugin. -->","yoast_head_json":{"title":"Make your reservation now at the hotel in Bah\u00eda Solano or Nuqu\u00ed!","description":"Find here the best hotel in Bahia Solano or Nuqu\u00ed to stay, close to the beach or living the experience of sharing in the village with the locals and their Chocoan traditions.","robots":{"index":"index","follow":"follow","max-snippet":"max-snippet:-1","max-image-preview":"max-image-preview:large","max-video-preview":"max-video-preview:-1"},"canonical":"https:\/\/www.magiachocoana.com\/en\/reserva\/","og_locale":"en_US","og_type":"article","og_title":"Make your reservation now at the hotel in Bah\u00eda Solano or Nuqu\u00ed!","og_description":"Find here the best hotel in Bahia Solano or Nuqu\u00ed to stay, close to the beach or living the experience of sharing in the village with the locals and their Chocoan traditions.","og_url":"https:\/\/www.magiachocoana.com\/reserva\/","og_site_name":"Magia Chocoana Tour Operadores","article_publisher":"https:\/\/www.facebook.com\/TurismoMagiaChochoana\/","article_modified_time":"2018-09-26T01:00:26+00:00","og_image":[{"url":"https:\/\/s.w.org\/images\/core\/emoji\/11\/svg\/1f447.svg"}],"twitter_card":"summary_large_image","twitter_misc":{"Est. reading time":"2 minutes"},"schema":{"@context":"https:\/\/schema.org","@graph":[{"@type":"WebPage","@id":"https:\/\/www.magiachocoana.com\/reserva\/","url":"https:\/\/www.magiachocoana.com\/reserva\/","name":"Make your reservation now at the hotel in Bah\u00eda Solano or Nuqu\u00ed!","isPartOf":{"@id":"https:\/\/www.magiachocoana.com\/#website"},"datePublished":"2018-02-26T23:51:28+00:00","dateModified":"2018-09-26T01:00:26+00:00","description":"Find here the best hotel in Bahia Solano or Nuqu\u00ed to stay, close to the beach or living the experience of sharing in the village with the locals and their Chocoan traditions.","breadcrumb":{"@id":"https:\/\/www.magiachocoana.com\/reserva\/#breadcrumb"},"inLanguage":"en-US","potentialAction":[{"@type":"ReadAction","target":["https:\/\/www.magiachocoana.com\/reserva\/"]}]},{"@type":"BreadcrumbList","@id":"https:\/\/www.magiachocoana.com\/reserva\/#breadcrumb","itemListElement":[{"@type":"ListItem","position":1,"name":"Portada","item":"https:\/\/www.magiachocoana.com\/en\/"},{"@type":"ListItem","position":2,"name":"Reservations"}]},{"@type":"WebSite","@id":"https:\/\/www.magiachocoana.com\/#website","url":"https:\/\/www.magiachocoana.com\/","name":"Magia Chocoana Tour Operadores","description":"Agencia de operaci\u00f3n tur\u00edstica","publisher":{"@id":"https:\/\/www.magiachocoana.com\/#organization"},"potentialAction":[{"@type":"SearchAction","target":{"@type":"EntryPoint","urlTemplate":"https:\/\/www.magiachocoana.com\/?s={search_term_string}"},"query-input":"required name=search_term_string"}],"inLanguage":"en-US"},{"@type":"Organization","@id":"https:\/\/www.magiachocoana.com\/#organization","name":"Magia Chocoana","url":"https:\/\/www.magiachocoana.com\/","logo":{"@type":"ImageObject","inLanguage":"en-US","@id":"https:\/\/www.magiachocoana.com\/#\/schema\/logo\/image\/","url":"https:\/\/www.magiachocoana.com\/wp-content\/uploads\/2018\/02\/logo-magia-chocoana-554.png","contentUrl":"https:\/\/www.magiachocoana.com\/wp-content\/uploads\/2018\/02\/logo-magia-chocoana-554.png","width":555,"height":329,"caption":"Magia Chocoana"},"image":{"@id":"https:\/\/www.magiachocoana.com\/#\/schema\/logo\/image\/"},"sameAs":["https:\/\/www.facebook.com\/TurismoMagiaChochoana\/","https:\/\/www.instagram.com\/magiachocoana\/","https:\/\/www.youtube.com\/channel\/UCGiJyJZbAHV92-Dn2vgp42Q"]}]}},"_links":{"self":[{"href":"https:\/\/www.magiachocoana.com\/en\/wp-json\/wp\/v2\/pages\/1260\/"}],"collection":[{"href":"https:\/\/www.magiachocoana.com\/en\/wp-json\/wp\/v2\/pages\/"}],"about":[{"href":"https:\/\/www.magiachocoana.com\/en\/wp-json\/wp\/v2\/types\/page\/"}],"author":[{"embeddable":true,"href":"https:\/\/www.magiachocoana.com\/en\/wp-json\/wp\/v2\/users\/1\/"}],"replies":[{"embeddable":true,"href":"https:\/\/www.magiachocoana.com\/en\/wp-json\/wp\/v2\/comments\/?post=1260"}],"version-history":[{"count":3,"href":"https:\/\/www.magiachocoana.com\/en\/wp-json\/wp\/v2\/pages\/1260\/revisions\/"}],"predecessor-version":[{"id":1265,"href":"https:\/\/www.magiachocoana.com\/en\/wp-json\/wp\/v2\/pages\/1260\/revisions\/1265\/"}],"wp:attachment":[{"href":"https:\/\/www.magiachocoana.com\/en\/wp-json\/wp\/v2\/media\/?parent=1260"}],"curies":[{"name":"wp","href":"https:\/\/api.w.org\/{rel}","templated":true}]}}